{"id":1756,"date":"2025-06-30T20:47:21","date_gmt":"2025-06-30T20:47:21","guid":{"rendered":"https:\/\/forumpumpsystems.com\/installation-de-la-pompe\/"},"modified":"2025-07-15T20:27:24","modified_gmt":"2025-07-15T20:27:24","slug":"installation-de-la-pompe","status":"publish","type":"page","link":"https:\/\/forumpumpsystems.com\/fr\/installation-de-la-pompe\/","title":{"rendered":"Installation de la pompe"},"content":{"rendered":"\n<div class=\"wp-block-uagb-container uagb-block-354c4c38 alignfull uagb-is-root-container\">\n<div class=\"wp-block-stackable-image stk-block-image stk-block stk-71dfc05\" data-block-id=\"71dfc05\"><figure><span class=\"stk-img-wrapper stk-image--shape-stretch\"><img decoding=\"async\" class=\"stk-img wp-image-1378\" src=\"https:\/\/forumpumpsystems.com\/wp-content\/uploads\/2025\/06\/pump-installation.webp\" width=\"1920\" height=\"575\" alt=\"ForumSyst\u00e8mes de pompage Installation de la pompe\" srcset=\"https:\/\/forumpumpsystems.com\/wp-content\/uploads\/2025\/06\/pump-installation.webp 1920w, https:\/\/forumpumpsystems.com\/wp-content\/uploads\/2025\/06\/pump-installation-300x90.webp 300w, https:\/\/forumpumpsystems.com\/wp-content\/uploads\/2025\/06\/pump-installation-1024x307.webp 1024w, https:\/\/forumpumpsystems.com\/wp-content\/uploads\/2025\/06\/pump-installation-768x230.webp 768w, https:\/\/forumpumpsystems.com\/wp-content\/uploads\/2025\/06\/pump-installation-1536x460.webp 1536w\" sizes=\"(max-width: 1920px) 100vw, 1920px\" \/><\/span><\/figure><\/div>\n\n\n\n<div class=\"wp-block-stackable-heading stk-block-heading stk-block-heading--v2 stk-block stk-ffacd58\" id=\"span-style-color-var-ast-global-color-1-class-stk-highlight-pump-span-installation\" data-block-id=\"ffacd58\"><style>.stk-ffacd58 {position:absolute !important;}.stk-ffacd58 .stk-block-heading__text{color:#ffffff !important;}<\/style><h1 class=\"stk-block-heading__text has-text-color has-text-align-center\">Installation de la <span style=\"color: var(--ast-global-color-1);\" class=\"stk-highlight\">pompe<\/span> <\/h1><\/div>\n<\/div>\n\n\n\n<div class=\"wp-block-uagb-container uagb-block-22054002 alignfull uagb-is-root-container\"><div class=\"uagb-container-inner-blocks-wrap\">\n<div class=\"wp-block-stackable-heading stk-block-heading stk-block-heading--v2 stk-block stk-3e91ea0\" id=\"3-options-to-suit-your-needs\" data-block-id=\"3e91ea0\"><style>.stk-3e91ea0 {margin-bottom:15px !important;}.stk-3e91ea0 .stk-block-heading__text{font-weight:400 !important;}<\/style><h3 class=\"stk-block-heading__text has-text-align-center\">3 options pour r\u00e9pondre \u00e0 vos besoins<\/h3><\/div>\n\n\n\n<div class=\"wp-block-uagb-separator uagb-block-e8f493ec\"><div class=\"uagb-separator-spacing-wrapper\"><div class=\"wp-block-uagb-separator__inner\" style=\"--my-background-image:\"><\/div><\/div><\/div>\n\n\n\n<div class=\"wp-block-uagb-container uagb-block-bccf9d32\">\n<p class=\"has-text-align-center\">Nous sommes en mesure d&rsquo;installer nos \u00e9quipements sur plusieurs types de v\u00e9hicules avec une approche \u00ab\u00a0sur mesure\u00a0\u00bb. L&rsquo;\u00e9quipement est install\u00e9 sur la remorque ou le camion de mani\u00e8re efficace et toujours accessible.<\/p>\n<\/div>\n<\/div><\/div>\n\n\n\n<div class=\"wp-block-uagb-container uagb-block-65830a12 alignfull uagb-is-root-container\"><div class=\"uagb-container-inner-blocks-wrap\">\n<div class=\"wp-block-stackable-columns stk-block-columns stk-block stk-a5d2abd\" data-block-id=\"a5d2abd\"><div class=\"stk-row stk-inner-blocks stk-block-content stk-content-align stk-a5d2abd-column\">\n<div class=\"wp-block-stackable-column stk-block-column stk-column stk-block stk-1fe02a0\" data-v=\"4\" data-block-id=\"1fe02a0\"><div class=\"stk-column-wrapper stk-block-column__content stk-container stk-1fe02a0-container stk--no-background stk--no-padding\"><div class=\"stk-block-content stk-inner-blocks stk-1fe02a0-inner-blocks\">\n<div class=\"wp-block-stackable-image stk-block-image stk-block stk-5b30e27\" data-block-id=\"5b30e27\"><figure><span class=\"stk-img-wrapper stk-image--shape-stretch\"><img decoding=\"async\" class=\"stk-img wp-image-1594\" src=\"https:\/\/forumpumpsystems.com\/wp-content\/uploads\/2025\/07\/Installation_Trailer.webp\" width=\"445\" height=\"425\" alt=\"Installation de la remorque\" srcset=\"https:\/\/forumpumpsystems.com\/wp-content\/uploads\/2025\/07\/Installation_Trailer.webp 445w, https:\/\/forumpumpsystems.com\/wp-content\/uploads\/2025\/07\/Installation_Trailer-300x287.webp 300w\" sizes=\"(max-width: 445px) 100vw, 445px\" \/><\/span><\/figure><\/div>\n\n\n\n<div class=\"wp-block-stackable-heading stk-block-heading stk-block-heading--v2 stk-block stk-5d3d94c\" id=\"trailer\" data-block-id=\"5d3d94c\"><style>.stk-5d3d94c {margin-bottom:15px !important;}.stk-5d3d94c .stk-block-heading__text{font-weight:400 !important;}<\/style><h3 class=\"stk-block-heading__text has-text-align-left\">Remorque<\/h3><\/div>\n<\/div><\/div><\/div>\n\n\n\n<div class=\"wp-block-stackable-column stk-block-column stk-column stk-block stk-9fdf17f\" data-v=\"4\" data-block-id=\"9fdf17f\"><div class=\"stk-column-wrapper stk-block-column__content stk-container stk-9fdf17f-container stk--no-background stk--no-padding\"><div class=\"stk-block-content stk-inner-blocks stk-9fdf17f-inner-blocks\">\n<div class=\"wp-block-stackable-image stk-block-image stk-block stk-d8c2119\" data-block-id=\"d8c2119\"><figure><span class=\"stk-img-wrapper stk-image--shape-stretch\"><img decoding=\"async\" class=\"stk-img wp-image-1595\" src=\"https:\/\/forumpumpsystems.com\/wp-content\/uploads\/2025\/07\/Installation_Flatbed_Truck.webp\" width=\"445\" height=\"425\" alt=\"Installation d'un camion \u00e0 plate-forme\" srcset=\"https:\/\/forumpumpsystems.com\/wp-content\/uploads\/2025\/07\/Installation_Flatbed_Truck.webp 445w, https:\/\/forumpumpsystems.com\/wp-content\/uploads\/2025\/07\/Installation_Flatbed_Truck-300x287.webp 300w\" sizes=\"(max-width: 445px) 100vw, 445px\" \/><\/span><\/figure><\/div>\n\n\n\n<div class=\"wp-block-stackable-heading stk-block-heading stk-block-heading--v2 stk-block stk-a2fb3a4\" id=\"flatbed-truck\" data-block-id=\"a2fb3a4\"><style>.stk-a2fb3a4 {margin-bottom:15px !important;}.stk-a2fb3a4 .stk-block-heading__text{font-weight:400 !important;}<\/style><h3 class=\"stk-block-heading__text has-text-align-left\">Camion \u00e0 plate-forme<\/h3><\/div>\n<\/div><\/div><\/div>\n\n\n\n<div class=\"wp-block-stackable-column stk-block-column stk-column stk-block stk-dd92ef5\" data-v=\"4\" data-block-id=\"dd92ef5\"><div class=\"stk-column-wrapper stk-block-column__content stk-container stk-dd92ef5-container stk--no-background stk--no-padding\"><div class=\"stk-block-content stk-inner-blocks stk-dd92ef5-inner-blocks\">\n<div class=\"wp-block-stackable-image stk-block-image stk-block stk-ecfc2bd\" data-block-id=\"ecfc2bd\"><figure><span class=\"stk-img-wrapper stk-image--shape-stretch\"><img decoding=\"async\" class=\"stk-img wp-image-1596\" src=\"https:\/\/forumpumpsystems.com\/wp-content\/uploads\/2025\/07\/Installation_Stationary.webp\" width=\"445\" height=\"425\" alt=\"Installation fixe\" srcset=\"https:\/\/forumpumpsystems.com\/wp-content\/uploads\/2025\/07\/Installation_Stationary.webp 445w, https:\/\/forumpumpsystems.com\/wp-content\/uploads\/2025\/07\/Installation_Stationary-300x287.webp 300w\" sizes=\"(max-width: 445px) 100vw, 445px\" \/><\/span><\/figure><\/div>\n\n\n\n<div class=\"wp-block-stackable-heading stk-block-heading stk-block-heading--v2 stk-block stk-36bd29d\" id=\"stationary\" data-block-id=\"36bd29d\"><style>.stk-36bd29d {margin-bottom:15px !important;}.stk-36bd29d .stk-block-heading__text{font-weight:400 !important;}<\/style><h3 class=\"stk-block-heading__text has-text-align-left\">Stationnaire<\/h3><\/div>\n<\/div><\/div><\/div>\n<\/div><\/div>\n<\/div><\/div>\n\n\n\n<div id=\"ask-free-quote\" class=\"wp-block-uagb-container uagb-block-b0763cb8 alignfull uagb-is-root-container\" data-block-type=\"core\" data-block-type=\"core\">\n<div class=\"wp-block-stackable-button-group stk-block-button-group stk-block stk-681ecf6\" data-block-id=\"681ecf6\"><style>.stk-681ecf6 {margin-bottom:var(--stk--preset--spacing--none, 0px) !important;}<\/style><div class=\"stk-row stk-inner-blocks has-text-align-center stk-block-content stk-button-group\">\n<div class=\"wp-block-stackable-button stk-block-button has-text-align-center is-style-ghost stk-block stk-772c724\" data-block-id=\"772c724\"><style>.stk-772c724 .stk-button{background:transparent !important;border-top-left-radius:30px !important;border-top-right-radius:30px !important;border-bottom-right-radius:30px !important;border-bottom-left-radius:30px !important;}.stk-772c724 .stk-button:hover:after{background:transparent !important;opacity:1 !important;}:where(.stk-hover-parent:hover,  .stk-hover-parent.stk--is-hovered) .stk-772c724 .stk-button:after{background:transparent !important;opacity:1 !important;}.stk-772c724 .stk-button:before{border-style:solid !important;border-color:var(--ast-global-color-5) !important;}.stk-772c724 .stk-button__inner-text{color:var(--ast-global-color-5) !important;}<\/style><a class=\"stk-link stk-button stk--hover-effect-darken\" href=\"https:\/\/forumpumpsystems.com\/fr\/estimation-gratuite\/\"><span class=\"has-text-color stk-button__inner-text\">Demandez votre estimation gratuit d\u00e8s aujourd&rsquo;hui !<\/span><\/a><\/div>\n<\/div><\/div>\n<\/div>\n","protected":false},"excerpt":{"rendered":"<p>Installation de la pompe 3 options pour r\u00e9pondre \u00e0 vos besoins Nous sommes en mesure d&rsquo;installer nos \u00e9quipements sur plusieurs types de v\u00e9hicules avec une approche \u00ab\u00a0sur mesure\u00a0\u00bb. L&rsquo;\u00e9quipement est install\u00e9 sur la remorque ou le camion de mani\u00e8re efficace et toujours accessible. Remorque Camion \u00e0 plate-forme Stationnaire<\/p>\n","protected":false},"author":2,"featured_media":0,"parent":0,"menu_order":0,"comment_status":"closed","ping_status":"closed","template":"","meta":{"_uag_custom_page_level_css":"","site-sidebar-layout":"default","site-content-layout":"","ast-site-content-layout":"default","site-content-style":"default","site-sidebar-style":"default","ast-global-header-display":"","ast-banner-title-visibility":"","ast-main-header-display":"","ast-hfb-above-header-display":"","ast-hfb-below-header-display":"","ast-hfb-mobile-header-display":"","site-post-title":"disabled","ast-breadcrumbs-content":"","ast-featured-img":"","footer-sml-layout":"","theme-transparent-header-meta":"","adv-header-id-meta":"","stick-header-meta":"","header-above-stick-meta":"","header-main-stick-meta":"","header-below-stick-meta":"","astra-migrate-meta-layouts":"set","ast-page-background-enabled":"default","ast-page-background-meta":{"desktop":{"background-color":"var(--ast-global-color-4)","background-image":"","background-repeat":"repeat","background-position":"center center","background-size":"auto","background-attachment":"scroll","background-type":"","background-media":"","overlay-type":"","overlay-color":"","overlay-opacity":"","overlay-gradient":""},"tablet":{"background-color":"","background-image":"","background-repeat":"repeat","background-position":"center center","background-size":"auto","background-attachment":"scroll","background-type":"","background-media":"","overlay-type":"","overlay-color":"","overlay-opacity":"","overlay-gradient":""},"mobile":{"background-color":"","background-image":"","background-repeat":"repeat","background-position":"center center","background-size":"auto","background-attachment":"scroll","background-type":"","background-media":"","overlay-type":"","overlay-color":"","overlay-opacity":"","overlay-gradient":""}},"ast-content-background-meta":{"desktop":{"background-color":"var(--ast-global-color-5)","background-image":"","background-repeat":"repeat","background-position":"center center","background-size":"auto","background-attachment":"scroll","background-type":"","background-media":"","overlay-type":"","overlay-color":"","overlay-opacity":"","overlay-gradient":""},"tablet":{"background-color":"var(--ast-global-color-5)","background-image":"","background-repeat":"repeat","background-position":"center center","background-size":"auto","background-attachment":"scroll","background-type":"","background-media":"","overlay-type":"","overlay-color":"","overlay-opacity":"","overlay-gradient":""},"mobile":{"background-color":"var(--ast-global-color-5)","background-image":"","background-repeat":"repeat","background-position":"center center","background-size":"auto","background-attachment":"scroll","background-type":"","background-media":"","overlay-type":"","overlay-color":"","overlay-opacity":"","overlay-gradient":""}},"footnotes":""},"class_list":["post-1756","page","type-page","status-publish","hentry"],"yoast_head":"<!-- This site is optimized with the Yoast SEO plugin v25.4 - https:\/\/yoast.com\/wordpress\/plugins\/seo\/ -->\n<title>Installation : Syst\u00e8mes de pompage pour remorque, camion et stationnaire<\/title>\n<meta name=\"description\" content=\"Des installations sur mesure sur des remorques, des camions \u00e0 plateau ou des installations fixes permettent \u00e0 votre \u00e9quipe d&#039;\u00eatre efficace et \u00e0 votre \u00e9quipement d&#039;\u00eatre accessible.\" \/>\n<meta name=\"robots\" content=\"index, follow, max-snippet:-1, max-image-preview:large, max-video-preview:-1\" \/>\n<link rel=\"canonical\" href=\"https:\/\/forumpumpsystems.com\/fr\/installation-de-la-pompe\/\" \/>\n<meta property=\"og:locale\" content=\"fr_FR\" \/>\n<meta property=\"og:type\" content=\"article\" \/>\n<meta property=\"og:title\" content=\"Installation : Syst\u00e8mes de pompage pour remorque, camion et stationnaire\" \/>\n<meta property=\"og:description\" content=\"Des installations sur mesure sur des remorques, des camions \u00e0 plateau ou des installations fixes permettent \u00e0 votre \u00e9quipe d&#039;\u00eatre efficace et \u00e0 votre \u00e9quipement d&#039;\u00eatre accessible.\" \/>\n<meta property=\"og:url\" content=\"https:\/\/forumpumpsystems.com\/fr\/installation-de-la-pompe\/\" \/>\n<meta property=\"og:site_name\" content=\"Forum Pump Systems\" \/>\n<meta property=\"article:modified_time\" content=\"2025-07-15T20:27:24+00:00\" \/>\n<meta property=\"og:image\" content=\"https:\/\/forumpumpsystems.com\/wp-content\/uploads\/2025\/06\/pump-installation.webp\" \/>\n\t<meta property=\"og:image:width\" content=\"1920\" \/>\n\t<meta property=\"og:image:height\" content=\"575\" \/>\n\t<meta property=\"og:image:type\" content=\"image\/webp\" \/>\n<meta name=\"twitter:card\" content=\"summary_large_image\" \/>\n<meta name=\"twitter:label1\" content=\"Dur\u00e9e de lecture estim\u00e9e\" \/>\n\t<meta name=\"twitter:data1\" content=\"2 minutes\" \/>\n<script type=\"application\/ld+json\" class=\"yoast-schema-graph\">{\"@context\":\"https:\/\/schema.org\",\"@graph\":[{\"@type\":\"WebPage\",\"@id\":\"https:\/\/forumpumpsystems.com\/fr\/installation-de-la-pompe\/\",\"url\":\"https:\/\/forumpumpsystems.com\/fr\/installation-de-la-pompe\/\",\"name\":\"Installation : Syst\u00e8mes de pompage pour remorque, camion et stationnaire\",\"isPartOf\":{\"@id\":\"https:\/\/forumpumpsystems.com\/fr\/#website\"},\"primaryImageOfPage\":{\"@id\":\"https:\/\/forumpumpsystems.com\/fr\/installation-de-la-pompe\/#primaryimage\"},\"image\":{\"@id\":\"https:\/\/forumpumpsystems.com\/fr\/installation-de-la-pompe\/#primaryimage\"},\"thumbnailUrl\":\"https:\/\/forumpumpsystems.com\/wp-content\/uploads\/2025\/06\/pump-installation.webp\",\"datePublished\":\"2025-06-30T20:47:21+00:00\",\"dateModified\":\"2025-07-15T20:27:24+00:00\",\"description\":\"Des installations sur mesure sur des remorques, des camions \u00e0 plateau ou des installations fixes permettent \u00e0 votre \u00e9quipe d'\u00eatre efficace et \u00e0 votre \u00e9quipement d'\u00eatre accessible.\",\"breadcrumb\":{\"@id\":\"https:\/\/forumpumpsystems.com\/fr\/installation-de-la-pompe\/#breadcrumb\"},\"inLanguage\":\"fr-FR\",\"potentialAction\":[{\"@type\":\"ReadAction\",\"target\":[\"https:\/\/forumpumpsystems.com\/fr\/installation-de-la-pompe\/\"]}]},{\"@type\":\"ImageObject\",\"inLanguage\":\"fr-FR\",\"@id\":\"https:\/\/forumpumpsystems.com\/fr\/installation-de-la-pompe\/#primaryimage\",\"url\":\"https:\/\/forumpumpsystems.com\/wp-content\/uploads\/2025\/06\/pump-installation.webp\",\"contentUrl\":\"https:\/\/forumpumpsystems.com\/wp-content\/uploads\/2025\/06\/pump-installation.webp\"},{\"@type\":\"BreadcrumbList\",\"@id\":\"https:\/\/forumpumpsystems.com\/fr\/installation-de-la-pompe\/#breadcrumb\",\"itemListElement\":[{\"@type\":\"ListItem\",\"position\":1,\"name\":\"Accueil\",\"item\":\"https:\/\/forumpumpsystems.com\/fr\/\"},{\"@type\":\"ListItem\",\"position\":2,\"name\":\"Installation de la pompe\"}]},{\"@type\":\"WebSite\",\"@id\":\"https:\/\/forumpumpsystems.com\/fr\/#website\",\"url\":\"https:\/\/forumpumpsystems.com\/fr\/\",\"name\":\"Forum Pump Systems\",\"description\":\"\",\"publisher\":{\"@id\":\"https:\/\/forumpumpsystems.com\/fr\/#organization\"},\"potentialAction\":[{\"@type\":\"SearchAction\",\"target\":{\"@type\":\"EntryPoint\",\"urlTemplate\":\"https:\/\/forumpumpsystems.com\/fr\/?s={search_term_string}\"},\"query-input\":{\"@type\":\"PropertyValueSpecification\",\"valueRequired\":true,\"valueName\":\"search_term_string\"}}],\"inLanguage\":\"fr-FR\"},{\"@type\":\"Organization\",\"@id\":\"https:\/\/forumpumpsystems.com\/fr\/#organization\",\"name\":\"Forum Pump Systems\",\"url\":\"https:\/\/forumpumpsystems.com\/fr\/\",\"logo\":{\"@type\":\"ImageObject\",\"inLanguage\":\"fr-FR\",\"@id\":\"https:\/\/forumpumpsystems.com\/fr\/#\/schema\/logo\/image\/\",\"url\":\"https:\/\/forumpumpsystems.com\/wp-content\/uploads\/2025\/07\/LogoFPSSignature-1.png\",\"contentUrl\":\"https:\/\/forumpumpsystems.com\/wp-content\/uploads\/2025\/07\/LogoFPSSignature-1.png\",\"width\":402,\"height\":144,\"caption\":\"Forum Pump Systems\"},\"image\":{\"@id\":\"https:\/\/forumpumpsystems.com\/fr\/#\/schema\/logo\/image\/\"}}]}<\/script>\n<!-- \/ Yoast SEO plugin. -->","yoast_head_json":{"title":"Installation : Syst\u00e8mes de pompage pour remorque, camion et stationnaire","description":"Des installations sur mesure sur des remorques, des camions \u00e0 plateau ou des installations fixes permettent \u00e0 votre \u00e9quipe d'\u00eatre efficace et \u00e0 votre \u00e9quipement d'\u00eatre accessible.","robots":{"index":"index","follow":"follow","max-snippet":"max-snippet:-1","max-image-preview":"max-image-preview:large","max-video-preview":"max-video-preview:-1"},"canonical":"https:\/\/forumpumpsystems.com\/fr\/installation-de-la-pompe\/","og_locale":"fr_FR","og_type":"article","og_title":"Installation : Syst\u00e8mes de pompage pour remorque, camion et stationnaire","og_description":"Des installations sur mesure sur des remorques, des camions \u00e0 plateau ou des installations fixes permettent \u00e0 votre \u00e9quipe d'\u00eatre efficace et \u00e0 votre \u00e9quipement d'\u00eatre accessible.","og_url":"https:\/\/forumpumpsystems.com\/fr\/installation-de-la-pompe\/","og_site_name":"Forum Pump Systems","article_modified_time":"2025-07-15T20:27:24+00:00","og_image":[{"width":1920,"height":575,"url":"https:\/\/forumpumpsystems.com\/wp-content\/uploads\/2025\/06\/pump-installation.webp","type":"image\/webp"}],"twitter_card":"summary_large_image","twitter_misc":{"Dur\u00e9e de lecture estim\u00e9e":"2 minutes"},"schema":{"@context":"https:\/\/schema.org","@graph":[{"@type":"WebPage","@id":"https:\/\/forumpumpsystems.com\/fr\/installation-de-la-pompe\/","url":"https:\/\/forumpumpsystems.com\/fr\/installation-de-la-pompe\/","name":"Installation : Syst\u00e8mes de pompage pour remorque, camion et stationnaire","isPartOf":{"@id":"https:\/\/forumpumpsystems.com\/fr\/#website"},"primaryImageOfPage":{"@id":"https:\/\/forumpumpsystems.com\/fr\/installation-de-la-pompe\/#primaryimage"},"image":{"@id":"https:\/\/forumpumpsystems.com\/fr\/installation-de-la-pompe\/#primaryimage"},"thumbnailUrl":"https:\/\/forumpumpsystems.com\/wp-content\/uploads\/2025\/06\/pump-installation.webp","datePublished":"2025-06-30T20:47:21+00:00","dateModified":"2025-07-15T20:27:24+00:00","description":"Des installations sur mesure sur des remorques, des camions \u00e0 plateau ou des installations fixes permettent \u00e0 votre \u00e9quipe d'\u00eatre efficace et \u00e0 votre \u00e9quipement d'\u00eatre accessible.","breadcrumb":{"@id":"https:\/\/forumpumpsystems.com\/fr\/installation-de-la-pompe\/#breadcrumb"},"inLanguage":"fr-FR","potentialAction":[{"@type":"ReadAction","target":["https:\/\/forumpumpsystems.com\/fr\/installation-de-la-pompe\/"]}]},{"@type":"ImageObject","inLanguage":"fr-FR","@id":"https:\/\/forumpumpsystems.com\/fr\/installation-de-la-pompe\/#primaryimage","url":"https:\/\/forumpumpsystems.com\/wp-content\/uploads\/2025\/06\/pump-installation.webp","contentUrl":"https:\/\/forumpumpsystems.com\/wp-content\/uploads\/2025\/06\/pump-installation.webp"},{"@type":"BreadcrumbList","@id":"https:\/\/forumpumpsystems.com\/fr\/installation-de-la-pompe\/#breadcrumb","itemListElement":[{"@type":"ListItem","position":1,"name":"Accueil","item":"https:\/\/forumpumpsystems.com\/fr\/"},{"@type":"ListItem","position":2,"name":"Installation de la pompe"}]},{"@type":"WebSite","@id":"https:\/\/forumpumpsystems.com\/fr\/#website","url":"https:\/\/forumpumpsystems.com\/fr\/","name":"Forum Pump Systems","description":"","publisher":{"@id":"https:\/\/forumpumpsystems.com\/fr\/#organization"},"potentialAction":[{"@type":"SearchAction","target":{"@type":"EntryPoint","urlTemplate":"https:\/\/forumpumpsystems.com\/fr\/?s={search_term_string}"},"query-input":{"@type":"PropertyValueSpecification","valueRequired":true,"valueName":"search_term_string"}}],"inLanguage":"fr-FR"},{"@type":"Organization","@id":"https:\/\/forumpumpsystems.com\/fr\/#organization","name":"Forum Pump Systems","url":"https:\/\/forumpumpsystems.com\/fr\/","logo":{"@type":"ImageObject","inLanguage":"fr-FR","@id":"https:\/\/forumpumpsystems.com\/fr\/#\/schema\/logo\/image\/","url":"https:\/\/forumpumpsystems.com\/wp-content\/uploads\/2025\/07\/LogoFPSSignature-1.png","contentUrl":"https:\/\/forumpumpsystems.com\/wp-content\/uploads\/2025\/07\/LogoFPSSignature-1.png","width":402,"height":144,"caption":"Forum Pump Systems"},"image":{"@id":"https:\/\/forumpumpsystems.com\/fr\/#\/schema\/logo\/image\/"}}]}},"uagb_featured_image_src":{"full":false,"thumbnail":false,"medium":false,"medium_large":false,"large":false,"1536x1536":false,"2048x2048":false,"gform-image-choice-sm":false,"gform-image-choice-md":false,"gform-image-choice-lg":false},"uagb_author_info":{"display_name":"Jean Trudel","author_link":"https:\/\/forumpumpsystems.com\/fr\/author\/amazone\/"},"uagb_comment_info":0,"uagb_excerpt":"Installation de la pompe 3 options pour r\u00e9pondre \u00e0 vos besoins Nous sommes en mesure d&rsquo;installer nos \u00e9quipements sur plusieurs types de v\u00e9hicules avec une approche \u00ab\u00a0sur mesure\u00a0\u00bb. L&rsquo;\u00e9quipement est install\u00e9 sur la remorque ou le camion de mani\u00e8re efficace et toujours accessible. Remorque Camion \u00e0 plate-forme Stationnaire","_links":{"self":[{"href":"https:\/\/forumpumpsystems.com\/fr\/wp-json\/wp\/v2\/pages\/1756","targetHints":{"allow":["GET"]}}],"collection":[{"href":"https:\/\/forumpumpsystems.com\/fr\/wp-json\/wp\/v2\/pages"}],"about":[{"href":"https:\/\/forumpumpsystems.com\/fr\/wp-json\/wp\/v2\/types\/page"}],"author":[{"embeddable":true,"href":"https:\/\/forumpumpsystems.com\/fr\/wp-json\/wp\/v2\/users\/2"}],"replies":[{"embeddable":true,"href":"https:\/\/forumpumpsystems.com\/fr\/wp-json\/wp\/v2\/comments?post=1756"}],"version-history":[{"count":2,"href":"https:\/\/forumpumpsystems.com\/fr\/wp-json\/wp\/v2\/pages\/1756\/revisions"}],"predecessor-version":[{"id":1758,"href":"https:\/\/forumpumpsystems.com\/fr\/wp-json\/wp\/v2\/pages\/1756\/revisions\/1758"}],"wp:attachment":[{"href":"https:\/\/forumpumpsystems.com\/fr\/wp-json\/wp\/v2\/media?parent=1756"}],"curies":[{"name":"wp","href":"https:\/\/api.w.org\/{rel}","templated":true}]}}