{"id":1759,"date":"2025-06-25T15:31:10","date_gmt":"2025-06-25T15:31:10","guid":{"rendered":"https:\/\/forumpumpsystems.com\/pieces-et-services\/"},"modified":"2025-07-15T20:29:08","modified_gmt":"2025-07-15T20:29:08","slug":"pieces-et-services","status":"publish","type":"page","link":"https:\/\/forumpumpsystems.com\/fr\/pieces-et-services\/","title":{"rendered":"Pi\u00e8ces et services"},"content":{"rendered":"\n<div class=\"wp-block-uagb-container uagb-block-354c4c38 alignfull uagb-is-root-container\">\n<div class=\"wp-block-stackable-image stk-block-image stk-block stk-71dfc05\" data-block-id=\"71dfc05\"><figure><span class=\"stk-img-wrapper stk-image--shape-stretch\"><img decoding=\"async\" class=\"stk-img wp-image-1412\" src=\"https:\/\/forumpumpsystems.com\/wp-content\/uploads\/2025\/06\/forum-pump-systems-parts-and-services.webp\" width=\"1920\" height=\"575\" alt=\"Forum Pump Systems Parts And Services\" srcset=\"https:\/\/forumpumpsystems.com\/wp-content\/uploads\/2025\/06\/forum-pump-systems-parts-and-services.webp 1920w, https:\/\/forumpumpsystems.com\/wp-content\/uploads\/2025\/06\/forum-pump-systems-parts-and-services-300x90.webp 300w, https:\/\/forumpumpsystems.com\/wp-content\/uploads\/2025\/06\/forum-pump-systems-parts-and-services-1024x307.webp 1024w, https:\/\/forumpumpsystems.com\/wp-content\/uploads\/2025\/06\/forum-pump-systems-parts-and-services-768x230.webp 768w, https:\/\/forumpumpsystems.com\/wp-content\/uploads\/2025\/06\/forum-pump-systems-parts-and-services-1536x460.webp 1536w\" sizes=\"(max-width: 1920px) 100vw, 1920px\" \/><\/span><\/figure><\/div>\n\n\n\n<div class=\"wp-block-stackable-heading stk-block-heading stk-block-heading--v2 stk-block stk-ffacd58\" id=\"parts-span-style-color-var-ast-global-color-1-class-stk-highlight-and-span-services\" data-block-id=\"ffacd58\"><style>.stk-ffacd58 {position:absolute !important;}.stk-ffacd58 .stk-block-heading__text{color:#ffffff !important;}<\/style><h1 class=\"stk-block-heading__text has-text-color has-text-align-center\">Pi\u00e8ces <span style=\"color: var(--ast-global-color-1);\" class=\"stk-highlight\">et<\/span> services<\/h1><\/div>\n<\/div>\n\n\n\n<div class=\"wp-block-uagb-container uagb-block-ce3cf1c5 alignfull uagb-is-root-container\"><div class=\"uagb-container-inner-blocks-wrap\">\n<div class=\"wp-block-stackable-columns stk-block-columns stk-block stk-c9956ea\" data-block-id=\"c9956ea\"><style>.stk-c9956ea {margin-bottom:5% !important;}<\/style><div class=\"stk-row stk-inner-blocks stk-block-content stk-content-align stk-c9956ea-column\">\n<div class=\"wp-block-stackable-column stk-block-column stk-column stk-block stk-2320bbb\" data-v=\"4\" data-block-id=\"2320bbb\"><div class=\"stk-column-wrapper stk-block-column__content stk-container stk-2320bbb-container stk--no-background stk--no-padding\"><div class=\"stk-block-content stk-inner-blocks stk-2320bbb-inner-blocks\">\n<div class=\"wp-block-stackable-image stk-block-image stk-block stk-03dc056\" data-block-id=\"03dc056\"><figure><span class=\"stk-img-wrapper stk-image--shape-stretch\"><img decoding=\"async\" class=\"stk-img wp-image-1414\" src=\"https:\/\/forumpumpsystems.com\/wp-content\/uploads\/2025\/06\/Replacemen-parts.webp\" width=\"660\" height=\"660\" alt=\"Pi\u00e8ces de rechange\" srcset=\"https:\/\/forumpumpsystems.com\/wp-content\/uploads\/2025\/06\/Replacemen-parts.webp 660w, https:\/\/forumpumpsystems.com\/wp-content\/uploads\/2025\/06\/Replacemen-parts-300x300.webp 300w, https:\/\/forumpumpsystems.com\/wp-content\/uploads\/2025\/06\/Replacemen-parts-150x150.webp 150w\" sizes=\"(max-width: 660px) 100vw, 660px\" \/><\/span><\/figure><\/div>\n\n\n\n<div class=\"wp-block-stackable-heading stk-block-heading stk-block-heading--v2 stk-block stk-9499dff\" id=\"replacement-br-parts\" data-block-id=\"9499dff\"><style>.stk-9499dff {margin-bottom:15px !important;}.stk-9499dff .stk-block-heading__text{color:var(--ast-global-color-0) !important;}<\/style><h2 class=\"stk-block-heading__text has-text-color\">Pi\u00e8ces de rechange<br><\/h2><\/div>\n\n\n\n<div class=\"wp-block-stackable-subtitle stk-block-subtitle stk-block stk-c7cfbea\" data-block-id=\"c7cfbea\"><p class=\"stk-block-subtitle__text stk-subtitle\">Toutes les pi\u00e8ces de rechange, y compris les tuyaux pour le pompage, les stators de rotor, sont stock\u00e9es pour \u00eatre exp\u00e9di\u00e9es rapidement en cas de besoin.<\/p><\/div>\n<\/div><\/div><\/div>\n\n\n\n<div class=\"wp-block-stackable-column stk-block-column stk-column stk-block stk-ed25cbb\" data-v=\"4\" data-block-id=\"ed25cbb\"><div class=\"stk-column-wrapper stk-block-column__content stk-container stk-ed25cbb-container stk--no-background stk--no-padding\"><div class=\"stk-block-content stk-inner-blocks stk-ed25cbb-inner-blocks\">\n<div class=\"wp-block-stackable-image stk-block-image stk-block stk-edb51c6\" data-block-id=\"edb51c6\"><figure><span class=\"stk-img-wrapper stk-image--shape-stretch\"><img decoding=\"async\" class=\"stk-img wp-image-1415\" src=\"https:\/\/forumpumpsystems.com\/wp-content\/uploads\/2025\/06\/Perkins-engines.webp\" width=\"660\" height=\"660\" alt=\"Moteur Perkins\" srcset=\"https:\/\/forumpumpsystems.com\/wp-content\/uploads\/2025\/06\/Perkins-engines.webp 660w, https:\/\/forumpumpsystems.com\/wp-content\/uploads\/2025\/06\/Perkins-engines-300x300.webp 300w, https:\/\/forumpumpsystems.com\/wp-content\/uploads\/2025\/06\/Perkins-engines-150x150.webp 150w\" sizes=\"(max-width: 660px) 100vw, 660px\" \/><\/span><\/figure><\/div>\n\n\n\n<div class=\"wp-block-stackable-heading stk-block-heading stk-block-heading--v2 stk-block stk-98f1f32\" id=\"perkins-br-engines\" data-block-id=\"98f1f32\"><style>.stk-98f1f32 {margin-bottom:15px !important;}.stk-98f1f32 .stk-block-heading__text{color:var(--ast-global-color-0) !important;}<\/style><h2 class=\"stk-block-heading__text has-text-color\">Moteurs Perkins<br><\/h2><\/div>\n\n\n\n<div class=\"wp-block-stackable-subtitle stk-block-subtitle stk-block stk-0e5958c\" data-block-id=\"0e5958c\"><p class=\"stk-block-subtitle__text stk-subtitle\">Nos \u00e9quipements sont \u00e9quip\u00e9s de moteurs industriels Perkins de qualit\u00e9. Nous sommes donc affili\u00e9s \u00e0 des concessionnaires Perkins dans toute l&rsquo;Am\u00e9rique du Nord pour le service apr\u00e8s-vente.<\/p><\/div>\n<\/div><\/div><\/div>\n<\/div><\/div>\n\n\n\n<div class=\"wp-block-stackable-columns stk-block-columns stk-block stk-9256e74\" data-block-id=\"9256e74\"><div class=\"stk-row stk-inner-blocks stk-block-content stk-content-align stk-9256e74-column\">\n<div class=\"wp-block-stackable-column stk-block-column stk-column stk-block stk-b243b57\" data-v=\"4\" data-block-id=\"b243b57\"><div class=\"stk-column-wrapper stk-block-column__content stk-container stk-b243b57-container stk--no-background stk--no-padding\"><div class=\"stk-block-content stk-inner-blocks stk-b243b57-inner-blocks\">\n<div class=\"wp-block-stackable-image stk-block-image stk-block stk-8238239\" data-block-id=\"8238239\"><figure><span class=\"stk-img-wrapper stk-image--shape-stretch\"><img decoding=\"async\" class=\"stk-img wp-image-1416\" src=\"https:\/\/forumpumpsystems.com\/wp-content\/uploads\/2025\/06\/Easily-dismantled.webp\" width=\"660\" height=\"660\" alt=\"Facilement d\u00e9montable\" srcset=\"https:\/\/forumpumpsystems.com\/wp-content\/uploads\/2025\/06\/Easily-dismantled.webp 660w, https:\/\/forumpumpsystems.com\/wp-content\/uploads\/2025\/06\/Easily-dismantled-300x300.webp 300w, https:\/\/forumpumpsystems.com\/wp-content\/uploads\/2025\/06\/Easily-dismantled-150x150.webp 150w\" sizes=\"(max-width: 660px) 100vw, 660px\" \/><\/span><\/figure><\/div>\n\n\n\n<div class=\"wp-block-stackable-heading stk-block-heading stk-block-heading--v2 stk-block stk-301f4ee\" id=\"easily-br-dismantled\" data-block-id=\"301f4ee\"><style>.stk-301f4ee {margin-bottom:15px !important;}.stk-301f4ee .stk-block-heading__text{color:var(--ast-global-color-0) !important;}<\/style><h2 class=\"stk-block-heading__text has-text-color\">Facilement d\u00e9montable<br><\/h2><\/div>\n\n\n\n<div class=\"wp-block-stackable-subtitle stk-block-subtitle stk-block stk-13c24fb\" data-block-id=\"13c24fb\"><p class=\"stk-block-subtitle__text stk-subtitle\">Les \u00e9l\u00e9ments de notre \u00e9quipement sont tous facilement d\u00e9montables. Il nous est donc facile de remplacer ou de r\u00e9parer des composants hors site.<\/p><\/div>\n<\/div><\/div><\/div>\n\n\n\n<div class=\"wp-block-stackable-column stk-block-column stk-column stk-block stk-18afcf7\" data-v=\"4\" data-block-id=\"18afcf7\"><div class=\"stk-column-wrapper stk-block-column__content stk-container stk-18afcf7-container stk--no-background stk--no-padding\"><div class=\"stk-block-content stk-inner-blocks stk-18afcf7-inner-blocks\">\n<div class=\"wp-block-stackable-image stk-block-image stk-block stk-d9e7482\" data-block-id=\"d9e7482\"><figure><span class=\"stk-img-wrapper stk-image--shape-stretch\"><img decoding=\"async\" class=\"stk-img wp-image-1592\" src=\"https:\/\/forumpumpsystems.com\/wp-content\/uploads\/2025\/07\/1-year-warranty.webp\" width=\"660\" height=\"660\" alt=\"Forum Pump Systems Garantie d'un an\" srcset=\"https:\/\/forumpumpsystems.com\/wp-content\/uploads\/2025\/07\/1-year-warranty.webp 660w, https:\/\/forumpumpsystems.com\/wp-content\/uploads\/2025\/07\/1-year-warranty-300x300.webp 300w, https:\/\/forumpumpsystems.com\/wp-content\/uploads\/2025\/07\/1-year-warranty-150x150.webp 150w\" sizes=\"(max-width: 660px) 100vw, 660px\" \/><\/span><\/figure><\/div>\n\n\n\n<div class=\"wp-block-stackable-heading stk-block-heading stk-block-heading--v2 stk-block stk-75368ee\" id=\"1-year-br-warranty\" data-block-id=\"75368ee\"><style>.stk-75368ee {margin-bottom:15px !important;}.stk-75368ee .stk-block-heading__text{color:var(--ast-global-color-0) !important;}<\/style><h2 class=\"stk-block-heading__text has-text-color\">1 an de garantie<br><\/h2><\/div>\n\n\n\n<div class=\"wp-block-stackable-subtitle stk-block-subtitle stk-block stk-6f79122\" data-block-id=\"6f79122\"><style>.stk-6f79122 {margin-bottom:5px !important;}<\/style><p class=\"stk-block-subtitle__text stk-subtitle\">Tous nos \u00e9quipements sont garantis 1 an pi\u00e8ces et main d&rsquo;\u0153uvre.<\/p><\/div>\n<\/div><\/div><\/div>\n<\/div><\/div>\n<\/div><\/div>\n\n\n\n<div id=\"ask-free-quote\" class=\"wp-block-uagb-container uagb-block-b0763cb8 alignfull uagb-is-root-container\" data-block-type=\"core\" data-block-type=\"core\">\n<div class=\"wp-block-stackable-button-group stk-block-button-group stk-block stk-681ecf6\" data-block-id=\"681ecf6\"><style>.stk-681ecf6 {margin-bottom:var(--stk--preset--spacing--none, 0px) !important;}<\/style><div class=\"stk-row stk-inner-blocks has-text-align-center stk-block-content stk-button-group\">\n<div class=\"wp-block-stackable-button stk-block-button has-text-align-center is-style-ghost stk-block stk-772c724\" data-block-id=\"772c724\"><style>.stk-772c724 .stk-button{background:transparent !important;border-top-left-radius:30px !important;border-top-right-radius:30px !important;border-bottom-right-radius:30px !important;border-bottom-left-radius:30px !important;}.stk-772c724 .stk-button:hover:after{background:transparent !important;opacity:1 !important;}:where(.stk-hover-parent:hover,  .stk-hover-parent.stk--is-hovered) .stk-772c724 .stk-button:after{background:transparent !important;opacity:1 !important;}.stk-772c724 .stk-button:before{border-style:solid !important;border-color:var(--ast-global-color-5) !important;}.stk-772c724 .stk-button__inner-text{color:var(--ast-global-color-5) !important;}<\/style><a class=\"stk-link stk-button stk--hover-effect-darken\" href=\"https:\/\/forumpumpsystems.com\/fr\/estimation-gratuite\/\"><span class=\"has-text-color stk-button__inner-text\">Demandez votre estimation gratuit d\u00e8s aujourd&rsquo;hui !<\/span><\/a><\/div>\n<\/div><\/div>\n<\/div>\n","protected":false},"excerpt":{"rendered":"<p>Pi\u00e8ces et services Pi\u00e8ces de rechange Toutes les pi\u00e8ces de rechange, y compris les tuyaux pour le pompage, les stators de rotor, sont stock\u00e9es pour \u00eatre exp\u00e9di\u00e9es rapidement en cas de besoin. Moteurs Perkins Nos \u00e9quipements sont \u00e9quip\u00e9s de moteurs industriels Perkins de qualit\u00e9. Nous sommes donc affili\u00e9s \u00e0 des concessionnaires Perkins dans toute l&rsquo;Am\u00e9rique [&hellip;]<\/p>\n","protected":false},"author":2,"featured_media":0,"parent":0,"menu_order":0,"comment_status":"closed","ping_status":"closed","template":"","meta":{"_uag_custom_page_level_css":"","site-sidebar-layout":"default","site-content-layout":"","ast-site-content-layout":"default","site-content-style":"default","site-sidebar-style":"default","ast-global-header-display":"","ast-banner-title-visibility":"","ast-main-header-display":"","ast-hfb-above-header-display":"","ast-hfb-below-header-display":"","ast-hfb-mobile-header-display":"","site-post-title":"disabled","ast-breadcrumbs-content":"","ast-featured-img":"","footer-sml-layout":"","theme-transparent-header-meta":"","adv-header-id-meta":"","stick-header-meta":"","header-above-stick-meta":"","header-main-stick-meta":"","header-below-stick-meta":"","astra-migrate-meta-layouts":"set","ast-page-background-enabled":"default","ast-page-background-meta":{"desktop":{"background-color":"var(--ast-global-color-4)","background-image":"","background-repeat":"repeat","background-position":"center center","background-size":"auto","background-attachment":"scroll","background-type":"","background-media":"","overlay-type":"","overlay-color":"","overlay-opacity":"","overlay-gradient":""},"tablet":{"background-color":"","background-image":"","background-repeat":"repeat","background-position":"center center","background-size":"auto","background-attachment":"scroll","background-type":"","background-media":"","overlay-type":"","overlay-color":"","overlay-opacity":"","overlay-gradient":""},"mobile":{"background-color":"","background-image":"","background-repeat":"repeat","background-position":"center center","background-size":"auto","background-attachment":"scroll","background-type":"","background-media":"","overlay-type":"","overlay-color":"","overlay-opacity":"","overlay-gradient":""}},"ast-content-background-meta":{"desktop":{"background-color":"var(--ast-global-color-5)","background-image":"","background-repeat":"repeat","background-position":"center center","background-size":"auto","background-attachment":"scroll","background-type":"","background-media":"","overlay-type":"","overlay-color":"","overlay-opacity":"","overlay-gradient":""},"tablet":{"background-color":"var(--ast-global-color-5)","background-image":"","background-repeat":"repeat","background-position":"center center","background-size":"auto","background-attachment":"scroll","background-type":"","background-media":"","overlay-type":"","overlay-color":"","overlay-opacity":"","overlay-gradient":""},"mobile":{"background-color":"var(--ast-global-color-5)","background-image":"","background-repeat":"repeat","background-position":"center center","background-size":"auto","background-attachment":"scroll","background-type":"","background-media":"","overlay-type":"","overlay-color":"","overlay-opacity":"","overlay-gradient":""}},"footnotes":""},"class_list":["post-1759","page","type-page","status-publish","hentry"],"yoast_head":"<!-- This site is optimized with the Yoast SEO plugin v25.4 - https:\/\/yoast.com\/wordpress\/plugins\/seo\/ -->\n<title>Pi\u00e8ces et services pour pompes | Forum Pump Systems<\/title>\n<meta name=\"description\" content=\"Pi\u00e8ces et services pour pompes : Exp\u00e9dition rapide des tuyaux, des rotors-stators et des moteurs Perkins, ainsi qu&#039;une garantie d&#039;un an sur les pi\u00e8ces et la main-d&#039;\u0153uvre, afin de minimiser les temps d&#039;arr\u00eat.\" \/>\n<meta name=\"robots\" content=\"index, follow, max-snippet:-1, max-image-preview:large, max-video-preview:-1\" \/>\n<link rel=\"canonical\" href=\"https:\/\/forumpumpsystems.com\/fr\/pieces-et-services\/\" \/>\n<meta property=\"og:locale\" content=\"fr_FR\" \/>\n<meta property=\"og:type\" content=\"article\" \/>\n<meta property=\"og:title\" content=\"Pi\u00e8ces et services pour pompes | Forum Pump Systems\" \/>\n<meta property=\"og:description\" content=\"Pi\u00e8ces et services pour pompes : Exp\u00e9dition rapide des tuyaux, des rotors-stators et des moteurs Perkins, ainsi qu&#039;une garantie d&#039;un an sur les pi\u00e8ces et la main-d&#039;\u0153uvre, afin de minimiser les temps d&#039;arr\u00eat.\" \/>\n<meta property=\"og:url\" content=\"https:\/\/forumpumpsystems.com\/fr\/pieces-et-services\/\" \/>\n<meta property=\"og:site_name\" content=\"Forum Pump Systems\" \/>\n<meta property=\"article:modified_time\" content=\"2025-07-15T20:29:08+00:00\" \/>\n<meta property=\"og:image\" content=\"https:\/\/forumpumpsystems.com\/wp-content\/uploads\/2025\/06\/forum-pump-systems-parts-and-services.webp\" \/>\n\t<meta property=\"og:image:width\" content=\"1920\" \/>\n\t<meta property=\"og:image:height\" content=\"575\" \/>\n\t<meta property=\"og:image:type\" content=\"image\/webp\" \/>\n<meta name=\"twitter:card\" content=\"summary_large_image\" \/>\n<meta name=\"twitter:label1\" content=\"Dur\u00e9e de lecture estim\u00e9e\" \/>\n\t<meta name=\"twitter:data1\" content=\"2 minutes\" \/>\n<script type=\"application\/ld+json\" class=\"yoast-schema-graph\">{\"@context\":\"https:\/\/schema.org\",\"@graph\":[{\"@type\":\"WebPage\",\"@id\":\"https:\/\/forumpumpsystems.com\/fr\/pieces-et-services\/\",\"url\":\"https:\/\/forumpumpsystems.com\/fr\/pieces-et-services\/\",\"name\":\"Pi\u00e8ces et services pour pompes | Forum Pump Systems\",\"isPartOf\":{\"@id\":\"https:\/\/forumpumpsystems.com\/fr\/#website\"},\"primaryImageOfPage\":{\"@id\":\"https:\/\/forumpumpsystems.com\/fr\/pieces-et-services\/#primaryimage\"},\"image\":{\"@id\":\"https:\/\/forumpumpsystems.com\/fr\/pieces-et-services\/#primaryimage\"},\"thumbnailUrl\":\"https:\/\/forumpumpsystems.com\/wp-content\/uploads\/2025\/06\/forum-pump-systems-parts-and-services.webp\",\"datePublished\":\"2025-06-25T15:31:10+00:00\",\"dateModified\":\"2025-07-15T20:29:08+00:00\",\"description\":\"Pi\u00e8ces et services pour pompes : Exp\u00e9dition rapide des tuyaux, des rotors-stators et des moteurs Perkins, ainsi qu'une garantie d'un an sur les pi\u00e8ces et la main-d'\u0153uvre, afin de minimiser les temps d'arr\u00eat.\",\"breadcrumb\":{\"@id\":\"https:\/\/forumpumpsystems.com\/fr\/pieces-et-services\/#breadcrumb\"},\"inLanguage\":\"fr-FR\",\"potentialAction\":[{\"@type\":\"ReadAction\",\"target\":[\"https:\/\/forumpumpsystems.com\/fr\/pieces-et-services\/\"]}]},{\"@type\":\"ImageObject\",\"inLanguage\":\"fr-FR\",\"@id\":\"https:\/\/forumpumpsystems.com\/fr\/pieces-et-services\/#primaryimage\",\"url\":\"https:\/\/forumpumpsystems.com\/wp-content\/uploads\/2025\/06\/forum-pump-systems-parts-and-services.webp\",\"contentUrl\":\"https:\/\/forumpumpsystems.com\/wp-content\/uploads\/2025\/06\/forum-pump-systems-parts-and-services.webp\"},{\"@type\":\"BreadcrumbList\",\"@id\":\"https:\/\/forumpumpsystems.com\/fr\/pieces-et-services\/#breadcrumb\",\"itemListElement\":[{\"@type\":\"ListItem\",\"position\":1,\"name\":\"Accueil\",\"item\":\"https:\/\/forumpumpsystems.com\/fr\/\"},{\"@type\":\"ListItem\",\"position\":2,\"name\":\"Pi\u00e8ces et services\"}]},{\"@type\":\"WebSite\",\"@id\":\"https:\/\/forumpumpsystems.com\/fr\/#website\",\"url\":\"https:\/\/forumpumpsystems.com\/fr\/\",\"name\":\"Forum Pump Systems\",\"description\":\"\",\"publisher\":{\"@id\":\"https:\/\/forumpumpsystems.com\/fr\/#organization\"},\"potentialAction\":[{\"@type\":\"SearchAction\",\"target\":{\"@type\":\"EntryPoint\",\"urlTemplate\":\"https:\/\/forumpumpsystems.com\/fr\/?s={search_term_string}\"},\"query-input\":{\"@type\":\"PropertyValueSpecification\",\"valueRequired\":true,\"valueName\":\"search_term_string\"}}],\"inLanguage\":\"fr-FR\"},{\"@type\":\"Organization\",\"@id\":\"https:\/\/forumpumpsystems.com\/fr\/#organization\",\"name\":\"Forum Pump Systems\",\"url\":\"https:\/\/forumpumpsystems.com\/fr\/\",\"logo\":{\"@type\":\"ImageObject\",\"inLanguage\":\"fr-FR\",\"@id\":\"https:\/\/forumpumpsystems.com\/fr\/#\/schema\/logo\/image\/\",\"url\":\"https:\/\/forumpumpsystems.com\/wp-content\/uploads\/2025\/07\/LogoFPSSignature-1.png\",\"contentUrl\":\"https:\/\/forumpumpsystems.com\/wp-content\/uploads\/2025\/07\/LogoFPSSignature-1.png\",\"width\":402,\"height\":144,\"caption\":\"Forum Pump Systems\"},\"image\":{\"@id\":\"https:\/\/forumpumpsystems.com\/fr\/#\/schema\/logo\/image\/\"}}]}<\/script>\n<!-- \/ Yoast SEO plugin. -->","yoast_head_json":{"title":"Pi\u00e8ces et services pour pompes | Forum Pump Systems","description":"Pi\u00e8ces et services pour pompes : Exp\u00e9dition rapide des tuyaux, des rotors-stators et des moteurs Perkins, ainsi qu'une garantie d'un an sur les pi\u00e8ces et la main-d'\u0153uvre, afin de minimiser les temps d'arr\u00eat.","robots":{"index":"index","follow":"follow","max-snippet":"max-snippet:-1","max-image-preview":"max-image-preview:large","max-video-preview":"max-video-preview:-1"},"canonical":"https:\/\/forumpumpsystems.com\/fr\/pieces-et-services\/","og_locale":"fr_FR","og_type":"article","og_title":"Pi\u00e8ces et services pour pompes | Forum Pump Systems","og_description":"Pi\u00e8ces et services pour pompes : Exp\u00e9dition rapide des tuyaux, des rotors-stators et des moteurs Perkins, ainsi qu'une garantie d'un an sur les pi\u00e8ces et la main-d'\u0153uvre, afin de minimiser les temps d'arr\u00eat.","og_url":"https:\/\/forumpumpsystems.com\/fr\/pieces-et-services\/","og_site_name":"Forum Pump Systems","article_modified_time":"2025-07-15T20:29:08+00:00","og_image":[{"width":1920,"height":575,"url":"https:\/\/forumpumpsystems.com\/wp-content\/uploads\/2025\/06\/forum-pump-systems-parts-and-services.webp","type":"image\/webp"}],"twitter_card":"summary_large_image","twitter_misc":{"Dur\u00e9e de lecture estim\u00e9e":"2 minutes"},"schema":{"@context":"https:\/\/schema.org","@graph":[{"@type":"WebPage","@id":"https:\/\/forumpumpsystems.com\/fr\/pieces-et-services\/","url":"https:\/\/forumpumpsystems.com\/fr\/pieces-et-services\/","name":"Pi\u00e8ces et services pour pompes | Forum Pump Systems","isPartOf":{"@id":"https:\/\/forumpumpsystems.com\/fr\/#website"},"primaryImageOfPage":{"@id":"https:\/\/forumpumpsystems.com\/fr\/pieces-et-services\/#primaryimage"},"image":{"@id":"https:\/\/forumpumpsystems.com\/fr\/pieces-et-services\/#primaryimage"},"thumbnailUrl":"https:\/\/forumpumpsystems.com\/wp-content\/uploads\/2025\/06\/forum-pump-systems-parts-and-services.webp","datePublished":"2025-06-25T15:31:10+00:00","dateModified":"2025-07-15T20:29:08+00:00","description":"Pi\u00e8ces et services pour pompes : Exp\u00e9dition rapide des tuyaux, des rotors-stators et des moteurs Perkins, ainsi qu'une garantie d'un an sur les pi\u00e8ces et la main-d'\u0153uvre, afin de minimiser les temps d'arr\u00eat.","breadcrumb":{"@id":"https:\/\/forumpumpsystems.com\/fr\/pieces-et-services\/#breadcrumb"},"inLanguage":"fr-FR","potentialAction":[{"@type":"ReadAction","target":["https:\/\/forumpumpsystems.com\/fr\/pieces-et-services\/"]}]},{"@type":"ImageObject","inLanguage":"fr-FR","@id":"https:\/\/forumpumpsystems.com\/fr\/pieces-et-services\/#primaryimage","url":"https:\/\/forumpumpsystems.com\/wp-content\/uploads\/2025\/06\/forum-pump-systems-parts-and-services.webp","contentUrl":"https:\/\/forumpumpsystems.com\/wp-content\/uploads\/2025\/06\/forum-pump-systems-parts-and-services.webp"},{"@type":"BreadcrumbList","@id":"https:\/\/forumpumpsystems.com\/fr\/pieces-et-services\/#breadcrumb","itemListElement":[{"@type":"ListItem","position":1,"name":"Accueil","item":"https:\/\/forumpumpsystems.com\/fr\/"},{"@type":"ListItem","position":2,"name":"Pi\u00e8ces et services"}]},{"@type":"WebSite","@id":"https:\/\/forumpumpsystems.com\/fr\/#website","url":"https:\/\/forumpumpsystems.com\/fr\/","name":"Forum Pump Systems","description":"","publisher":{"@id":"https:\/\/forumpumpsystems.com\/fr\/#organization"},"potentialAction":[{"@type":"SearchAction","target":{"@type":"EntryPoint","urlTemplate":"https:\/\/forumpumpsystems.com\/fr\/?s={search_term_string}"},"query-input":{"@type":"PropertyValueSpecification","valueRequired":true,"valueName":"search_term_string"}}],"inLanguage":"fr-FR"},{"@type":"Organization","@id":"https:\/\/forumpumpsystems.com\/fr\/#organization","name":"Forum Pump Systems","url":"https:\/\/forumpumpsystems.com\/fr\/","logo":{"@type":"ImageObject","inLanguage":"fr-FR","@id":"https:\/\/forumpumpsystems.com\/fr\/#\/schema\/logo\/image\/","url":"https:\/\/forumpumpsystems.com\/wp-content\/uploads\/2025\/07\/LogoFPSSignature-1.png","contentUrl":"https:\/\/forumpumpsystems.com\/wp-content\/uploads\/2025\/07\/LogoFPSSignature-1.png","width":402,"height":144,"caption":"Forum Pump Systems"},"image":{"@id":"https:\/\/forumpumpsystems.com\/fr\/#\/schema\/logo\/image\/"}}]}},"uagb_featured_image_src":{"full":false,"thumbnail":false,"medium":false,"medium_large":false,"large":false,"1536x1536":false,"2048x2048":false,"gform-image-choice-sm":false,"gform-image-choice-md":false,"gform-image-choice-lg":false},"uagb_author_info":{"display_name":"Jean Trudel","author_link":"https:\/\/forumpumpsystems.com\/fr\/author\/amazone\/"},"uagb_comment_info":0,"uagb_excerpt":"Pi\u00e8ces et services Pi\u00e8ces de rechange Toutes les pi\u00e8ces de rechange, y compris les tuyaux pour le pompage, les stators de rotor, sont stock\u00e9es pour \u00eatre exp\u00e9di\u00e9es rapidement en cas de besoin. Moteurs Perkins Nos \u00e9quipements sont \u00e9quip\u00e9s de moteurs industriels Perkins de qualit\u00e9. Nous sommes donc affili\u00e9s \u00e0 des concessionnaires Perkins dans toute l&rsquo;Am\u00e9rique\u2026","_links":{"self":[{"href":"https:\/\/forumpumpsystems.com\/fr\/wp-json\/wp\/v2\/pages\/1759","targetHints":{"allow":["GET"]}}],"collection":[{"href":"https:\/\/forumpumpsystems.com\/fr\/wp-json\/wp\/v2\/pages"}],"about":[{"href":"https:\/\/forumpumpsystems.com\/fr\/wp-json\/wp\/v2\/types\/page"}],"author":[{"embeddable":true,"href":"https:\/\/forumpumpsystems.com\/fr\/wp-json\/wp\/v2\/users\/2"}],"replies":[{"embeddable":true,"href":"https:\/\/forumpumpsystems.com\/fr\/wp-json\/wp\/v2\/comments?post=1759"}],"version-history":[{"count":2,"href":"https:\/\/forumpumpsystems.com\/fr\/wp-json\/wp\/v2\/pages\/1759\/revisions"}],"predecessor-version":[{"id":1761,"href":"https:\/\/forumpumpsystems.com\/fr\/wp-json\/wp\/v2\/pages\/1759\/revisions\/1761"}],"wp:attachment":[{"href":"https:\/\/forumpumpsystems.com\/fr\/wp-json\/wp\/v2\/media?parent=1759"}],"curies":[{"name":"wp","href":"https:\/\/api.w.org\/{rel}","templated":true}]}}