{"id":1786,"date":"2025-06-26T18:59:11","date_gmt":"2025-06-26T18:59:11","guid":{"rendered":"https:\/\/forumpumpsystems.com\/conditions-dutilisation\/"},"modified":"2025-07-15T20:46:20","modified_gmt":"2025-07-15T20:46:20","slug":"conditions-dutilisation","status":"publish","type":"page","link":"https:\/\/forumpumpsystems.com\/fr\/conditions-dutilisation\/","title":{"rendered":"Conditions d&rsquo;utilisation"},"content":{"rendered":"\n<div class=\"wp-block-uagb-container uagb-block-354c4c38 alignfull uagb-is-root-container\">\n<div class=\"wp-block-stackable-image stk-block-image stk-block stk-71dfc05\" data-block-id=\"71dfc05\"><figure><span class=\"stk-img-wrapper stk-image--shape-stretch\"><img decoding=\"async\" class=\"stk-img wp-image-1581\" src=\"https:\/\/forumpumpsystems.com\/wp-content\/uploads\/2025\/07\/forum-pump-systems-terms-and-conditions-scaled.webp\" width=\"2560\" height=\"757\" alt=\"Conditions g\u00e9n\u00e9rales de Forum Pump Systems\" srcset=\"https:\/\/forumpumpsystems.com\/wp-content\/uploads\/2025\/07\/forum-pump-systems-terms-and-conditions-scaled.webp 2560w, https:\/\/forumpumpsystems.com\/wp-content\/uploads\/2025\/07\/forum-pump-systems-terms-and-conditions-300x89.webp 300w, https:\/\/forumpumpsystems.com\/wp-content\/uploads\/2025\/07\/forum-pump-systems-terms-and-conditions-1024x303.webp 1024w, https:\/\/forumpumpsystems.com\/wp-content\/uploads\/2025\/07\/forum-pump-systems-terms-and-conditions-768x227.webp 768w, https:\/\/forumpumpsystems.com\/wp-content\/uploads\/2025\/07\/forum-pump-systems-terms-and-conditions-1536x454.webp 1536w, https:\/\/forumpumpsystems.com\/wp-content\/uploads\/2025\/07\/forum-pump-systems-terms-and-conditions-2048x606.webp 2048w\" sizes=\"(max-width: 2560px) 100vw, 2560px\" \/><\/span><\/figure><\/div>\n\n\n\n<div class=\"wp-block-stackable-heading stk-block-heading stk-block-heading--v2 stk-block stk-ffacd58\" id=\"terms-and-conditions\" data-block-id=\"ffacd58\"><style>.stk-ffacd58 {position:absolute !important;}.stk-ffacd58 .stk-block-heading__text{color:#ffffff !important;}<\/style><h1 class=\"stk-block-heading__text has-text-color has-text-align-center\">Conditions d&rsquo;utilisation<\/h1><\/div>\n<\/div>\n\n\n\n<div class=\"wp-block-stackable-heading stk-block-heading stk-block-heading--v2 stk-block stk-fe53273\" id=\"introduction\" data-block-id=\"fe53273\"><style>.stk-fe53273 {margin-bottom:15px !important;}<\/style><h3 class=\"stk-block-heading__text\">Introduction<\/h3><\/div>\n\n\n\n<div class=\"wp-block-stackable-text stk-block-text stk-block stk-bd0bf3f\" data-block-id=\"bd0bf3f\"><style>.stk-bd0bf3f {margin-bottom:15px !important;}<\/style><p class=\"stk-block-text__text\">Tous les produits disponibles sur notre site sont d\u00e9crits et pr\u00e9sent\u00e9s avec la plus grande exactitude possible. Toutefois, nous ne pouvons pas garantir que les descriptions sont exemptes d&rsquo;erreurs. Les photos des produits sont fournies \u00e0 titre indicatif et ne sont pas contractuelles.<\/p><\/div>\n\n\n\n<div class=\"wp-block-stackable-heading stk-block-heading stk-block-heading--v2 stk-block stk-745d838\" id=\"company-identification\" data-block-id=\"745d838\"><style>.stk-745d838 {margin-bottom:15px !important;}<\/style><h3 class=\"stk-block-heading__text\">Identification de l&rsquo;entreprise<\/h3><\/div>\n\n\n\n<div class=\"wp-block-stackable-text stk-block-text stk-block stk-71adafc\" data-block-id=\"71adafc\"><style>.stk-71adafc {margin-bottom:15px !important;}<\/style><p class=\"stk-block-text__text\"><strong>Forum Pump Systems (Atelier AP Fortier inc.)<\/strong><br>Adresse : 129, Boulevard B\u00e9gin, Sainte-Claire (Qu\u00e9bec), G0R 2V0, Canada<br>T\u00e9l : 418-955-8708<br>courriel : info@forumpumpsystems.com<\/p><\/div>\n\n\n\n<div class=\"wp-block-stackable-heading stk-block-heading stk-block-heading--v2 stk-block stk-4fcbb20\" id=\"products\" data-block-id=\"4fcbb20\"><style>.stk-4fcbb20 {margin-bottom:15px !important;}<\/style><h3 class=\"stk-block-heading__text\">Produits<\/h3><\/div>\n\n\n\n<p>Tous les produits disponibles sur notre site sont d\u00e9crits et pr\u00e9sent\u00e9s avec la plus grande exactitude possible. Toutefois, nous ne pouvons pas garantir que les descriptions sont exemptes d&rsquo;erreurs. Les photos des produits sont fournies \u00e0 titre indicatif et ne sont pas contractuelles.<\/p>\n\n\n\n<div class=\"wp-block-stackable-heading stk-block-heading stk-block-heading--v2 stk-block stk-02806da\" id=\"warranty\" data-block-id=\"02806da\"><style>.stk-02806da {margin-bottom:15px !important;}<\/style><h3 class=\"stk-block-heading__text\">Garantie<\/h3><\/div>\n\n\n\n<div class=\"wp-block-stackable-text stk-block-text stk-block stk-a092be5\" data-block-id=\"a092be5\"><style>.stk-a092be5 {margin-bottom:15px !important;}<\/style><p class=\"stk-block-text__text\">Tous nos produits b\u00e9n\u00e9ficient d&rsquo;une garantie limit\u00e9e d&rsquo;un an contre les d\u00e9fauts de fabrication. Pour faire une r\u00e9clamation, veuillez consulter notre politique de garantie. La garantie ne couvre pas les dommages caus\u00e9s par une utilisation inappropri\u00e9e, des accidents ou une modification du produit.<\/p><\/div>\n\n\n\n<div class=\"wp-block-stackable-heading stk-block-heading stk-block-heading--v2 stk-block stk-5187489\" id=\"liability\" data-block-id=\"5187489\"><style>.stk-5187489 {margin-bottom:15px !important;}<\/style><h3 class=\"stk-block-heading__text\">Responsabilit\u00e9<\/h3><\/div>\n\n\n\n<div class=\"wp-block-stackable-text stk-block-text stk-block stk-aef23ab\" data-block-id=\"aef23ab\"><style>.stk-aef23ab {margin-bottom:15px !important;}<\/style><p class=\"stk-block-text__text\">Forum Pump Systems ne peut \u00eatre tenu responsable des dommages mat\u00e9riels ou immat\u00e9riels caus\u00e9s par une mauvaise utilisation des produits, qu&rsquo;ils soient directs ou indirects. L&rsquo;utilisateur est responsable de l&rsquo;utilisation et de l&rsquo;entretien corrects des produits.<\/p><\/div>\n\n\n\n<div class=\"wp-block-stackable-heading stk-block-heading stk-block-heading--v2 stk-block stk-3bc549e\" id=\"personal-data-protection\" data-block-id=\"3bc549e\"><style>.stk-3bc549e {margin-bottom:15px !important;}<\/style><h3 class=\"stk-block-heading__text\">Protection des donn\u00e9es personnelles<\/h3><\/div>\n\n\n\n<div class=\"wp-block-stackable-text stk-block-text stk-block stk-a2158dc\" data-block-id=\"a2158dc\"><style>.stk-a2158dc {margin-bottom:15px !important;}<\/style><p class=\"stk-block-text__text\">Vos informations personnelles sont prot\u00e9g\u00e9es conform\u00e9ment \u00e0 notre politique de confidentialit\u00e9. En achetant chez nous, vous consentez \u00e0 la collecte et \u00e0 l&rsquo;utilisation de vos informations dans le seul but de traiter les commandes et de maintenir les relations commerciales avec Forum Pump Systems. Nous ne vendons ni ne louons vos informations \u00e0 des tiers.<\/p><\/div>\n\n\n\n<div class=\"wp-block-stackable-heading stk-block-heading stk-block-heading--v2 stk-block stk-732f2ee\" id=\"intellectual-property\" data-block-id=\"732f2ee\"><style>.stk-732f2ee {margin-bottom:15px !important;}<\/style><h3 class=\"stk-block-heading__text\">Propri\u00e9t\u00e9 intellectuelle<\/h3><\/div>\n\n\n\n<div class=\"wp-block-stackable-subtitle stk-block-subtitle stk-block stk-7a19058\" data-block-id=\"7a19058\"><p class=\"stk-block-subtitle__text stk-subtitle\">Tous les \u00e9l\u00e9ments pr\u00e9sents sur ce site, y compris les textes, images, logos et vid\u00e9os, sont la propri\u00e9t\u00e9 exclusive de Forum Pump Systems ou de ses partenaires. Toute reproduction ou utilisation non autoris\u00e9e de ces \u00e9l\u00e9ments est strictement interdite.<\/p><\/div>\n\n\n\n<div class=\"wp-block-stackable-heading stk-block-heading stk-block-heading--v2 stk-block stk-c3882a7\" id=\"force-majeure\" data-block-id=\"c3882a7\"><style>.stk-c3882a7 {margin-bottom:15px !important;}<\/style><h3 class=\"stk-block-heading__text\">Force majeure<\/h3><\/div>\n\n\n\n<div class=\"wp-block-stackable-text stk-block-text stk-block stk-86b9f6d\" data-block-id=\"86b9f6d\"><style>.stk-86b9f6d {margin-bottom:15px !important;}<\/style><p class=\"stk-block-text__text\">Forum Pump Systems ne peut \u00eatre tenu responsable de la non-ex\u00e9cution d&rsquo;une commande en cas de force majeure (catastrophe naturelle, guerre, gr\u00e8ve, etc.) telle que d\u00e9finie par la l\u00e9gislation en vigueur.<\/p><\/div>\n\n\n\n<div class=\"wp-block-stackable-heading stk-block-heading stk-block-heading--v2 stk-block stk-983f898\" id=\"jurisdiction-and-applicable-law\" data-block-id=\"983f898\"><style>.stk-983f898 {margin-bottom:15px !important;}<\/style><h3 class=\"stk-block-heading__text\">Comp\u00e9tence et droit applicable<\/h3><\/div>\n\n\n\n<div class=\"wp-block-stackable-text stk-block-text stk-block stk-6cc3150\" data-block-id=\"6cc3150\"><style>.stk-6cc3150 {margin-bottom:15px !important;}<\/style><p class=\"stk-block-text__text\">Les pr\u00e9sents T&amp;C sont r\u00e9gis par les lois en vigueur dans la province de Qu\u00e9bec, Canada. En cas de litige, les parties conviennent de rechercher une solution \u00e0 l&rsquo;amiable avant de recourir \u00e0 une action en justice. Tout litige non r\u00e9solu sera soumis \u00e0 la juridiction des tribunaux comp\u00e9tents de Beauce, Qu\u00e9bec, Canada.<\/p><\/div>\n\n\n\n<div class=\"wp-block-stackable-heading stk-block-heading stk-block-heading--v2 stk-block stk-ae7d2a4\" id=\"modification-of-terms-and-conditions\" data-block-id=\"ae7d2a4\"><style>.stk-ae7d2a4 {margin-bottom:15px !important;}<\/style><h3 class=\"stk-block-heading__text\">Modification des conditions g\u00e9n\u00e9rales<\/h3><\/div>\n\n\n\n<div class=\"wp-block-stackable-text stk-block-text stk-block stk-b6d8cdb\" data-block-id=\"b6d8cdb\"><style>.stk-b6d8cdb {margin-bottom:15px !important;}<\/style><p class=\"stk-block-text__text\">Forum Pump Systems se r\u00e9serve le droit de modifier ces conditions g\u00e9n\u00e9rales \u00e0 tout moment. Les modifications entreront en vigueur d\u00e8s leur publication. Nous vous conseillons de consulter r\u00e9guli\u00e8rement cette page pour vous tenir au courant de tout changement.<\/p><\/div>\n\n\n\n<div id=\"ask-free-quote\" class=\"wp-block-uagb-container uagb-block-b0763cb8 alignfull uagb-is-root-container\" data-block-type=\"core\" data-block-type=\"core\">\n<div class=\"wp-block-stackable-button-group stk-block-button-group stk-block stk-681ecf6\" data-block-id=\"681ecf6\"><style>.stk-681ecf6 {margin-bottom:var(--stk--preset--spacing--none, 0px) !important;}<\/style><div class=\"stk-row stk-inner-blocks has-text-align-center stk-block-content stk-button-group\">\n<div class=\"wp-block-stackable-button stk-block-button has-text-align-center is-style-ghost stk-block stk-772c724\" data-block-id=\"772c724\"><style>.stk-772c724 .stk-button{background:transparent !important;border-top-left-radius:30px !important;border-top-right-radius:30px !important;border-bottom-right-radius:30px !important;border-bottom-left-radius:30px !important;}.stk-772c724 .stk-button:hover:after{background:transparent !important;opacity:1 !important;}:where(.stk-hover-parent:hover,  .stk-hover-parent.stk--is-hovered) .stk-772c724 .stk-button:after{background:transparent !important;opacity:1 !important;}.stk-772c724 .stk-button:before{border-style:solid !important;border-color:var(--ast-global-color-5) !important;}.stk-772c724 .stk-button__inner-text{color:var(--ast-global-color-5) !important;}<\/style><a class=\"stk-link stk-button stk--hover-effect-darken\" href=\"https:\/\/forumpumpsystems.com\/fr\/estimation-gratuite\/\"><span class=\"has-text-color stk-button__inner-text\">Demandez votre estimation gratuit d\u00e8s aujourd&rsquo;hui !<\/span><\/a><\/div>\n<\/div><\/div>\n<\/div>\n","protected":false},"excerpt":{"rendered":"<p>Conditions d&rsquo;utilisation Introduction Tous les produits disponibles sur notre site sont d\u00e9crits et pr\u00e9sent\u00e9s avec la plus grande exactitude possible. Toutefois, nous ne pouvons pas garantir que les descriptions sont exemptes d&rsquo;erreurs. Les photos des produits sont fournies \u00e0 titre indicatif et ne sont pas contractuelles. Identification de l&rsquo;entreprise Forum Pump Systems (Atelier AP Fortier [&hellip;]<\/p>\n","protected":false},"author":2,"featured_media":0,"parent":0,"menu_order":0,"comment_status":"closed","ping_status":"closed","template":"","meta":{"_uag_custom_page_level_css":"","site-sidebar-layout":"default","site-content-layout":"","ast-site-content-layout":"default","site-content-style":"default","site-sidebar-style":"default","ast-global-header-display":"","ast-banner-title-visibility":"","ast-main-header-display":"","ast-hfb-above-header-display":"","ast-hfb-below-header-display":"","ast-hfb-mobile-header-display":"","site-post-title":"disabled","ast-breadcrumbs-content":"","ast-featured-img":"","footer-sml-layout":"","theme-transparent-header-meta":"","adv-header-id-meta":"","stick-header-meta":"","header-above-stick-meta":"","header-main-stick-meta":"","header-below-stick-meta":"","astra-migrate-meta-layouts":"set","ast-page-background-enabled":"default","ast-page-background-meta":{"desktop":{"background-color":"var(--ast-global-color-4)","background-image":"","background-repeat":"repeat","background-position":"center center","background-size":"auto","background-attachment":"scroll","background-type":"","background-media":"","overlay-type":"","overlay-color":"","overlay-opacity":"","overlay-gradient":""},"tablet":{"background-color":"","background-image":"","background-repeat":"repeat","background-position":"center center","background-size":"auto","background-attachment":"scroll","background-type":"","background-media":"","overlay-type":"","overlay-color":"","overlay-opacity":"","overlay-gradient":""},"mobile":{"background-color":"","background-image":"","background-repeat":"repeat","background-position":"center center","background-size":"auto","background-attachment":"scroll","background-type":"","background-media":"","overlay-type":"","overlay-color":"","overlay-opacity":"","overlay-gradient":""}},"ast-content-background-meta":{"desktop":{"background-color":"var(--ast-global-color-5)","background-image":"","background-repeat":"repeat","background-position":"center center","background-size":"auto","background-attachment":"scroll","background-type":"","background-media":"","overlay-type":"","overlay-color":"","overlay-opacity":"","overlay-gradient":""},"tablet":{"background-color":"var(--ast-global-color-5)","background-image":"","background-repeat":"repeat","background-position":"center center","background-size":"auto","background-attachment":"scroll","background-type":"","background-media":"","overlay-type":"","overlay-color":"","overlay-opacity":"","overlay-gradient":""},"mobile":{"background-color":"var(--ast-global-color-5)","background-image":"","background-repeat":"repeat","background-position":"center center","background-size":"auto","background-attachment":"scroll","background-type":"","background-media":"","overlay-type":"","overlay-color":"","overlay-opacity":"","overlay-gradient":""}},"footnotes":""},"class_list":["post-1786","page","type-page","status-publish","hentry"],"yoast_head":"<!-- This site is optimized with the Yoast SEO plugin v25.4 - https:\/\/yoast.com\/wordpress\/plugins\/seo\/ -->\n<title>Conditions g\u00e9n\u00e9rales | Forum Pump Systems<\/title>\n<meta name=\"description\" content=\"Consultez nos conditions g\u00e9n\u00e9rales, les descriptions des produits, les conditions de garantie, les limites de responsabilit\u00e9 et la l\u00e9gislation qu\u00e9b\u00e9coise en vigueur avant d&#039;acheter.\" \/>\n<meta name=\"robots\" content=\"index, follow, max-snippet:-1, max-image-preview:large, max-video-preview:-1\" \/>\n<link rel=\"canonical\" href=\"https:\/\/forumpumpsystems.com\/fr\/conditions-dutilisation\/\" \/>\n<meta property=\"og:locale\" content=\"fr_FR\" \/>\n<meta property=\"og:type\" content=\"article\" \/>\n<meta property=\"og:title\" content=\"Conditions g\u00e9n\u00e9rales | Forum Pump Systems\" \/>\n<meta property=\"og:description\" content=\"Consultez nos conditions g\u00e9n\u00e9rales, les descriptions des produits, les conditions de garantie, les limites de responsabilit\u00e9 et la l\u00e9gislation qu\u00e9b\u00e9coise en vigueur avant d&#039;acheter.\" \/>\n<meta property=\"og:url\" content=\"https:\/\/forumpumpsystems.com\/fr\/conditions-dutilisation\/\" \/>\n<meta property=\"og:site_name\" content=\"Forum Pump Systems\" \/>\n<meta property=\"article:modified_time\" content=\"2025-07-15T20:46:20+00:00\" \/>\n<meta property=\"og:image\" content=\"https:\/\/forumpumpsystems.com\/wp-content\/uploads\/2025\/07\/forum-pump-systems-terms-and-conditions-scaled.webp\" \/>\n\t<meta property=\"og:image:width\" content=\"2560\" \/>\n\t<meta property=\"og:image:height\" content=\"757\" \/>\n\t<meta property=\"og:image:type\" content=\"image\/webp\" \/>\n<meta name=\"twitter:card\" content=\"summary_large_image\" \/>\n<meta name=\"twitter:label1\" content=\"Dur\u00e9e de lecture estim\u00e9e\" \/>\n\t<meta name=\"twitter:data1\" content=\"3 minutes\" \/>\n<script type=\"application\/ld+json\" class=\"yoast-schema-graph\">{\"@context\":\"https:\/\/schema.org\",\"@graph\":[{\"@type\":\"WebPage\",\"@id\":\"https:\/\/forumpumpsystems.com\/fr\/conditions-dutilisation\/\",\"url\":\"https:\/\/forumpumpsystems.com\/fr\/conditions-dutilisation\/\",\"name\":\"Conditions g\u00e9n\u00e9rales | Forum Pump Systems\",\"isPartOf\":{\"@id\":\"https:\/\/forumpumpsystems.com\/fr\/#website\"},\"primaryImageOfPage\":{\"@id\":\"https:\/\/forumpumpsystems.com\/fr\/conditions-dutilisation\/#primaryimage\"},\"image\":{\"@id\":\"https:\/\/forumpumpsystems.com\/fr\/conditions-dutilisation\/#primaryimage\"},\"thumbnailUrl\":\"https:\/\/forumpumpsystems.com\/wp-content\/uploads\/2025\/07\/forum-pump-systems-terms-and-conditions-scaled.webp\",\"datePublished\":\"2025-06-26T18:59:11+00:00\",\"dateModified\":\"2025-07-15T20:46:20+00:00\",\"description\":\"Consultez nos conditions g\u00e9n\u00e9rales, les descriptions des produits, les conditions de garantie, les limites de responsabilit\u00e9 et la l\u00e9gislation qu\u00e9b\u00e9coise en vigueur avant d'acheter.\",\"breadcrumb\":{\"@id\":\"https:\/\/forumpumpsystems.com\/fr\/conditions-dutilisation\/#breadcrumb\"},\"inLanguage\":\"fr-FR\",\"potentialAction\":[{\"@type\":\"ReadAction\",\"target\":[\"https:\/\/forumpumpsystems.com\/fr\/conditions-dutilisation\/\"]}]},{\"@type\":\"ImageObject\",\"inLanguage\":\"fr-FR\",\"@id\":\"https:\/\/forumpumpsystems.com\/fr\/conditions-dutilisation\/#primaryimage\",\"url\":\"https:\/\/forumpumpsystems.com\/wp-content\/uploads\/2025\/07\/forum-pump-systems-terms-and-conditions-scaled.webp\",\"contentUrl\":\"https:\/\/forumpumpsystems.com\/wp-content\/uploads\/2025\/07\/forum-pump-systems-terms-and-conditions-scaled.webp\"},{\"@type\":\"BreadcrumbList\",\"@id\":\"https:\/\/forumpumpsystems.com\/fr\/conditions-dutilisation\/#breadcrumb\",\"itemListElement\":[{\"@type\":\"ListItem\",\"position\":1,\"name\":\"Accueil\",\"item\":\"https:\/\/forumpumpsystems.com\/fr\/\"},{\"@type\":\"ListItem\",\"position\":2,\"name\":\"Conditions d&#8217;utilisation\"}]},{\"@type\":\"WebSite\",\"@id\":\"https:\/\/forumpumpsystems.com\/fr\/#website\",\"url\":\"https:\/\/forumpumpsystems.com\/fr\/\",\"name\":\"Forum Pump Systems\",\"description\":\"\",\"publisher\":{\"@id\":\"https:\/\/forumpumpsystems.com\/fr\/#organization\"},\"potentialAction\":[{\"@type\":\"SearchAction\",\"target\":{\"@type\":\"EntryPoint\",\"urlTemplate\":\"https:\/\/forumpumpsystems.com\/fr\/?s={search_term_string}\"},\"query-input\":{\"@type\":\"PropertyValueSpecification\",\"valueRequired\":true,\"valueName\":\"search_term_string\"}}],\"inLanguage\":\"fr-FR\"},{\"@type\":\"Organization\",\"@id\":\"https:\/\/forumpumpsystems.com\/fr\/#organization\",\"name\":\"Forum Pump Systems\",\"url\":\"https:\/\/forumpumpsystems.com\/fr\/\",\"logo\":{\"@type\":\"ImageObject\",\"inLanguage\":\"fr-FR\",\"@id\":\"https:\/\/forumpumpsystems.com\/fr\/#\/schema\/logo\/image\/\",\"url\":\"https:\/\/forumpumpsystems.com\/wp-content\/uploads\/2025\/07\/LogoFPSSignature-1.png\",\"contentUrl\":\"https:\/\/forumpumpsystems.com\/wp-content\/uploads\/2025\/07\/LogoFPSSignature-1.png\",\"width\":402,\"height\":144,\"caption\":\"Forum Pump Systems\"},\"image\":{\"@id\":\"https:\/\/forumpumpsystems.com\/fr\/#\/schema\/logo\/image\/\"}}]}<\/script>\n<!-- \/ Yoast SEO plugin. -->","yoast_head_json":{"title":"Conditions g\u00e9n\u00e9rales | Forum Pump Systems","description":"Consultez nos conditions g\u00e9n\u00e9rales, les descriptions des produits, les conditions de garantie, les limites de responsabilit\u00e9 et la l\u00e9gislation qu\u00e9b\u00e9coise en vigueur avant d'acheter.","robots":{"index":"index","follow":"follow","max-snippet":"max-snippet:-1","max-image-preview":"max-image-preview:large","max-video-preview":"max-video-preview:-1"},"canonical":"https:\/\/forumpumpsystems.com\/fr\/conditions-dutilisation\/","og_locale":"fr_FR","og_type":"article","og_title":"Conditions g\u00e9n\u00e9rales | Forum Pump Systems","og_description":"Consultez nos conditions g\u00e9n\u00e9rales, les descriptions des produits, les conditions de garantie, les limites de responsabilit\u00e9 et la l\u00e9gislation qu\u00e9b\u00e9coise en vigueur avant d'acheter.","og_url":"https:\/\/forumpumpsystems.com\/fr\/conditions-dutilisation\/","og_site_name":"Forum Pump Systems","article_modified_time":"2025-07-15T20:46:20+00:00","og_image":[{"width":2560,"height":757,"url":"https:\/\/forumpumpsystems.com\/wp-content\/uploads\/2025\/07\/forum-pump-systems-terms-and-conditions-scaled.webp","type":"image\/webp"}],"twitter_card":"summary_large_image","twitter_misc":{"Dur\u00e9e de lecture estim\u00e9e":"3 minutes"},"schema":{"@context":"https:\/\/schema.org","@graph":[{"@type":"WebPage","@id":"https:\/\/forumpumpsystems.com\/fr\/conditions-dutilisation\/","url":"https:\/\/forumpumpsystems.com\/fr\/conditions-dutilisation\/","name":"Conditions g\u00e9n\u00e9rales | Forum Pump Systems","isPartOf":{"@id":"https:\/\/forumpumpsystems.com\/fr\/#website"},"primaryImageOfPage":{"@id":"https:\/\/forumpumpsystems.com\/fr\/conditions-dutilisation\/#primaryimage"},"image":{"@id":"https:\/\/forumpumpsystems.com\/fr\/conditions-dutilisation\/#primaryimage"},"thumbnailUrl":"https:\/\/forumpumpsystems.com\/wp-content\/uploads\/2025\/07\/forum-pump-systems-terms-and-conditions-scaled.webp","datePublished":"2025-06-26T18:59:11+00:00","dateModified":"2025-07-15T20:46:20+00:00","description":"Consultez nos conditions g\u00e9n\u00e9rales, les descriptions des produits, les conditions de garantie, les limites de responsabilit\u00e9 et la l\u00e9gislation qu\u00e9b\u00e9coise en vigueur avant d'acheter.","breadcrumb":{"@id":"https:\/\/forumpumpsystems.com\/fr\/conditions-dutilisation\/#breadcrumb"},"inLanguage":"fr-FR","potentialAction":[{"@type":"ReadAction","target":["https:\/\/forumpumpsystems.com\/fr\/conditions-dutilisation\/"]}]},{"@type":"ImageObject","inLanguage":"fr-FR","@id":"https:\/\/forumpumpsystems.com\/fr\/conditions-dutilisation\/#primaryimage","url":"https:\/\/forumpumpsystems.com\/wp-content\/uploads\/2025\/07\/forum-pump-systems-terms-and-conditions-scaled.webp","contentUrl":"https:\/\/forumpumpsystems.com\/wp-content\/uploads\/2025\/07\/forum-pump-systems-terms-and-conditions-scaled.webp"},{"@type":"BreadcrumbList","@id":"https:\/\/forumpumpsystems.com\/fr\/conditions-dutilisation\/#breadcrumb","itemListElement":[{"@type":"ListItem","position":1,"name":"Accueil","item":"https:\/\/forumpumpsystems.com\/fr\/"},{"@type":"ListItem","position":2,"name":"Conditions d&#8217;utilisation"}]},{"@type":"WebSite","@id":"https:\/\/forumpumpsystems.com\/fr\/#website","url":"https:\/\/forumpumpsystems.com\/fr\/","name":"Forum Pump Systems","description":"","publisher":{"@id":"https:\/\/forumpumpsystems.com\/fr\/#organization"},"potentialAction":[{"@type":"SearchAction","target":{"@type":"EntryPoint","urlTemplate":"https:\/\/forumpumpsystems.com\/fr\/?s={search_term_string}"},"query-input":{"@type":"PropertyValueSpecification","valueRequired":true,"valueName":"search_term_string"}}],"inLanguage":"fr-FR"},{"@type":"Organization","@id":"https:\/\/forumpumpsystems.com\/fr\/#organization","name":"Forum Pump Systems","url":"https:\/\/forumpumpsystems.com\/fr\/","logo":{"@type":"ImageObject","inLanguage":"fr-FR","@id":"https:\/\/forumpumpsystems.com\/fr\/#\/schema\/logo\/image\/","url":"https:\/\/forumpumpsystems.com\/wp-content\/uploads\/2025\/07\/LogoFPSSignature-1.png","contentUrl":"https:\/\/forumpumpsystems.com\/wp-content\/uploads\/2025\/07\/LogoFPSSignature-1.png","width":402,"height":144,"caption":"Forum Pump Systems"},"image":{"@id":"https:\/\/forumpumpsystems.com\/fr\/#\/schema\/logo\/image\/"}}]}},"uagb_featured_image_src":{"full":false,"thumbnail":false,"medium":false,"medium_large":false,"large":false,"1536x1536":false,"2048x2048":false,"gform-image-choice-sm":false,"gform-image-choice-md":false,"gform-image-choice-lg":false},"uagb_author_info":{"display_name":"Jean Trudel","author_link":"https:\/\/forumpumpsystems.com\/fr\/author\/amazone\/"},"uagb_comment_info":0,"uagb_excerpt":"Conditions d&rsquo;utilisation Introduction Tous les produits disponibles sur notre site sont d\u00e9crits et pr\u00e9sent\u00e9s avec la plus grande exactitude possible. Toutefois, nous ne pouvons pas garantir que les descriptions sont exemptes d&rsquo;erreurs. Les photos des produits sont fournies \u00e0 titre indicatif et ne sont pas contractuelles. Identification de l&rsquo;entreprise Forum Pump Systems (Atelier AP Fortier\u2026","_links":{"self":[{"href":"https:\/\/forumpumpsystems.com\/fr\/wp-json\/wp\/v2\/pages\/1786","targetHints":{"allow":["GET"]}}],"collection":[{"href":"https:\/\/forumpumpsystems.com\/fr\/wp-json\/wp\/v2\/pages"}],"about":[{"href":"https:\/\/forumpumpsystems.com\/fr\/wp-json\/wp\/v2\/types\/page"}],"author":[{"embeddable":true,"href":"https:\/\/forumpumpsystems.com\/fr\/wp-json\/wp\/v2\/users\/2"}],"replies":[{"embeddable":true,"href":"https:\/\/forumpumpsystems.com\/fr\/wp-json\/wp\/v2\/comments?post=1786"}],"version-history":[{"count":2,"href":"https:\/\/forumpumpsystems.com\/fr\/wp-json\/wp\/v2\/pages\/1786\/revisions"}],"predecessor-version":[{"id":1788,"href":"https:\/\/forumpumpsystems.com\/fr\/wp-json\/wp\/v2\/pages\/1786\/revisions\/1788"}],"wp:attachment":[{"href":"https:\/\/forumpumpsystems.com\/fr\/wp-json\/wp\/v2\/media?parent=1786"}],"curies":[{"name":"wp","href":"https:\/\/api.w.org\/{rel}","templated":true}]}}